{"id":1952,"date":"2022-05-30T10:05:17","date_gmt":"2022-05-30T08:05:17","guid":{"rendered":"https:\/\/magalibodart.be\/?page_id=1952"},"modified":"2025-02-03T06:32:58","modified_gmt":"2025-02-03T05:32:58","slug":"massage-metamorphique","status":"publish","type":"page","link":"https:\/\/magalibodart.be\/index.php\/services-proposes-2\/massage-metamorphique\/","title":{"rendered":"Massage M\u00e9tamorphique"},"content":{"rendered":"<p>[et_pb_section fb_built=&#8221;1&#8243; admin_label=&#8221;Header&#8221; _builder_version=&#8221;4.16&#8243; use_background_color_gradient=&#8221;on&#8221; background_color_gradient_stops=&#8221;rgba(249,243,235,0.8) 0%|rgba(249,243,235,0.8) 100%&#8221; background_color_gradient_overlays_image=&#8221;on&#8221; background_color_gradient_start=&#8221;rgba(249,243,235,0.8)&#8221; background_color_gradient_end=&#8221;rgba(249,243,235,0.8)&#8221; background_image=&#8221;https:\/\/magalibodart.be\/wp-content\/uploads\/2021\/12\/MGM8157-scaled.jpg&#8221; locked=&#8221;off&#8221; global_colors_info=&#8221;{}&#8221;][et_pb_row _builder_version=&#8221;4.16&#8243; global_colors_info=&#8221;{}&#8221;][et_pb_column type=&#8221;4_4&#8243; _builder_version=&#8221;4.16&#8243; global_colors_info=&#8221;{}&#8221;][et_pb_text _builder_version=&#8221;4.16&#8243; text_font=&#8221;Muli||||||||&#8221; text_font_size=&#8221;22px&#8221; text_line_height=&#8221;1.4em&#8221; header_font=&#8221;Zeyada||||||||&#8221; header_text_color=&#8221;#BB4D4C&#8221; header_font_size=&#8221;80px&#8221; text_orientation=&#8221;center&#8221; background_layout=&#8221;dark&#8221; max_width=&#8221;700px&#8221; module_alignment=&#8221;center&#8221; text_font_size_tablet=&#8221;18px&#8221; text_font_size_phone=&#8221;16px&#8221; text_font_size_last_edited=&#8221;on|tablet&#8221; text_line_height_tablet=&#8221;&#8221; text_line_height_phone=&#8221;1.8em&#8221; text_line_height_last_edited=&#8221;on|phone&#8221; header_font_size_tablet=&#8221;48px&#8221; header_font_size_phone=&#8221;30px&#8221; header_font_size_last_edited=&#8221;on|phone&#8221; global_colors_info=&#8221;{}&#8221;]<\/p>\n<h1>Massage M\u00e9tamorphique<\/h1>\n<p>&nbsp;<\/p>\n<p>[\/et_pb_text][et_pb_button button_url=&#8221;https:\/\/magalibodart.be\/index.php\/contacts\/&#8221; button_text=&#8221;Prendre rendez-vous&#8221; button_alignment=&#8221;center&#8221; _builder_version=&#8221;4.16&#8243; custom_button=&#8221;on&#8221; button_text_size=&#8221;22px&#8221; button_text_color=&#8221;#FFFFFF&#8221; button_bg_color=&#8221;#6FAC9B&#8221; button_border_width=&#8221;0px&#8221; button_border_radius=&#8221;50px&#8221; button_font=&#8221;Josefin Sans|600|||||||&#8221; background_layout=&#8221;dark&#8221; custom_margin=&#8221;50px||||false|false&#8221; custom_padding=&#8221;15px|40px|15px|40px|true|true&#8221; button_text_size_tablet=&#8221;18px&#8221; button_text_size_phone=&#8221;14px&#8221; button_text_size_last_edited=&#8221;on|phone&#8221; locked=&#8221;off&#8221; global_colors_info=&#8221;{}&#8221;][\/et_pb_button][\/et_pb_column][\/et_pb_row][\/et_pb_section][et_pb_section fb_built=&#8221;1&#8243; admin_label=&#8221;Details&#8221; _builder_version=&#8221;4.16&#8243; global_colors_info=&#8221;{}&#8221;][et_pb_row column_structure=&#8221;3_5,2_5&#8243; _builder_version=&#8221;4.16&#8243; global_colors_info=&#8221;{}&#8221;][et_pb_column type=&#8221;3_5&#8243; _builder_version=&#8221;4.16&#8243; global_colors_info=&#8221;{}&#8221;][et_pb_text _builder_version=&#8221;4.16&#8243; text_font=&#8221;Source Sans Pro||||||||&#8221; text_line_height=&#8221;1.6em&#8221; text_font_size_tablet=&#8221;&#8221; text_font_size_phone=&#8221;14px&#8221; text_font_size_last_edited=&#8221;on|phone&#8221; locked=&#8221;off&#8221; inline_fonts=&#8221;Aclonica&#8221; global_colors_info=&#8221;{}&#8221;]<\/p>\n<h2>Qu\u2019est-ce que le massage M\u00e9tamorphique ?<\/h2>\n<p>Le massage m\u00e9tamorphique ou la M\u00e9tamorphose est une technique tr\u00e8s simple d&#8217;\u00e9ffleurement qui se pratique sur les zones r\u00e9flexes de la colonne vert\u00e9brale. Ces zones r\u00e9flexes se situent sur les pieds, les mains, la t\u00eate. <\/p>\n<p>Cette technique a \u00e9t\u00e9 d\u00e9couverte dans les ann\u00e9es 1950 par Robert St-John, naturopathe et r\u00e9flexologue anglais. Cette approche est reconnue par de nombreuse association en tant que m\u00e9decine douce et est couramment utilis\u00e9e dans les hopitaux anglais.<\/p>\n<p>La M\u00e9tamorphose a pour objectif de lib\u00e9rer les transmissions h\u00e9riditaires g\u00e9n\u00e9tiques et de la pens\u00e9e en passant par la p\u00e9riode qui s&#8217;\u00e9tend de notre conception \u00e0 notre naissance. Concr\u00e8tement, nous allons masser la zone de la colonne vert\u00e9brale qui couvre cette p\u00e9riode de notre vie afin de &#8220;nettoyer&#8221; notre h\u00e9ritages g\u00e9n\u00e9tiques transg\u00e9n\u00e9rationnelles.<\/p>\n<p>Cette approche permet de mettre en \u00e9veil et de stimuler ce que Robert St-John appelait la Force de vie, essentielle \u00e0 la cr\u00e9ation. L&#8217;id\u00e9e \u00e9tant de venir ouvrir cette force comme une ressource qui nous est propre afin de r\u00e9\u00e9quilibrer notre vie.<\/p>\n<p>Ce massage n&#8217;a pas pour objectif de comprendre quoi que ce soit durant la p\u00e9riode de gestation. Il est un soin \u00e9nerg\u00e9tique qui travaille de lui-m\u00eame, sans accompagnement d&#8217;analyse derri\u00e8re.<\/p>\n<h2>Quels en sont les effets ?<\/h2>\n<ul>\n<li>Nettoyage de nos transmissions transg\u00e9n\u00e9rationnelles<\/li>\n<li>Accompagnement au projet de grossesse et durant celle-ci<\/li>\n<li>Reconnexion entre notre pens\u00e9e et notre ressenti<\/li>\n<li>Am\u00e9lioration de la coh\u00e9rence et l&#8217;harmonie dans nos vies<\/li>\n<li>Mise en conscience de certaine \u00e9motion et blocage<\/li>\n<li>Lib\u00e9ration de notre Force de vie<\/li>\n<li>Eveil de nos ressources<\/li>\n<li>R\u00e9\u00e9quilibrage globale<\/li>\n<\/ul>\n<p>&nbsp;<\/p>\n<p>[\/et_pb_text][\/et_pb_column][et_pb_column type=&#8221;2_5&#8243; _builder_version=&#8221;4.16&#8243; global_colors_info=&#8221;{}&#8221;][et_pb_blurb title=&#8221;Corps et Esprit&#8221; use_icon=&#8221;on&#8221; font_icon=&#8221;&#x4e;||divi||400&#8243; icon_color=&#8221;#2a2a2a&#8221; icon_placement=&#8221;left&#8221; image_icon_width=&#8221;24px&#8221; content_max_width=&#8221;100%&#8221; _builder_version=&#8221;4.16&#8243; header_font=&#8221;Josefin Sans||||||||&#8221; header_font_size=&#8221;22px&#8221; header_line_height=&#8221;1.4em&#8221; custom_margin=&#8221;||10px||false|false&#8221; animation=&#8221;off&#8221; header_font_size_tablet=&#8221;20px&#8221; header_font_size_phone=&#8221;18px&#8221; header_font_size_last_edited=&#8221;on|tablet&#8221; icon_font_size=&#8221;24px&#8221; locked=&#8221;off&#8221; global_colors_info=&#8221;{}&#8221;][\/et_pb_blurb][et_pb_blurb title=&#8221;Instant pr\u00e9sent&#8221; use_icon=&#8221;on&#8221; font_icon=&#8221;&#x4e;||divi||400&#8243; icon_color=&#8221;#2a2a2a&#8221; icon_placement=&#8221;left&#8221; image_icon_width=&#8221;24px&#8221; content_max_width=&#8221;100%&#8221; _builder_version=&#8221;4.16&#8243; header_font=&#8221;Josefin Sans||||||||&#8221; header_font_size=&#8221;22px&#8221; header_line_height=&#8221;1.4em&#8221; custom_margin=&#8221;||10px||false|false&#8221; animation=&#8221;off&#8221; header_font_size_tablet=&#8221;20px&#8221; header_font_size_phone=&#8221;18px&#8221; header_font_size_last_edited=&#8221;on|tablet&#8221; icon_font_size=&#8221;24px&#8221; locked=&#8221;off&#8221; global_colors_info=&#8221;{}&#8221;][\/et_pb_blurb][et_pb_blurb title=&#8221;Pleine conscience&#8221; use_icon=&#8221;on&#8221; font_icon=&#8221;&#x4e;||divi||400&#8243; icon_color=&#8221;#2a2a2a&#8221; icon_placement=&#8221;left&#8221; image_icon_width=&#8221;24px&#8221; content_max_width=&#8221;100%&#8221; _builder_version=&#8221;4.16&#8243; header_font=&#8221;Josefin Sans||||||||&#8221; header_font_size=&#8221;22px&#8221; header_line_height=&#8221;1.4em&#8221; custom_margin=&#8221;||10px||false|false&#8221; animation=&#8221;off&#8221; header_font_size_tablet=&#8221;20px&#8221; header_font_size_phone=&#8221;18px&#8221; header_font_size_last_edited=&#8221;on|tablet&#8221; icon_font_size=&#8221;24px&#8221; locked=&#8221;off&#8221; global_colors_info=&#8221;{}&#8221;][\/et_pb_blurb][et_pb_blurb title=&#8221;Ecoute active&#8221; use_icon=&#8221;on&#8221; font_icon=&#8221;&#x4e;||divi||400&#8243; icon_color=&#8221;#2a2a2a&#8221; icon_placement=&#8221;left&#8221; image_icon_width=&#8221;24px&#8221; content_max_width=&#8221;100%&#8221; _builder_version=&#8221;4.16&#8243; header_font=&#8221;Josefin Sans||||||||&#8221; header_font_size=&#8221;22px&#8221; header_line_height=&#8221;1.4em&#8221; custom_margin=&#8221;||10px||false|false&#8221; animation=&#8221;off&#8221; header_font_size_tablet=&#8221;20px&#8221; header_font_size_phone=&#8221;18px&#8221; header_font_size_last_edited=&#8221;on|tablet&#8221; icon_font_size=&#8221;24px&#8221; locked=&#8221;off&#8221; global_colors_info=&#8221;{}&#8221;][\/et_pb_blurb][\/et_pb_column][\/et_pb_row][et_pb_row column_structure=&#8221;1_2,1_2&#8243; _builder_version=&#8221;4.16&#8243; global_colors_info=&#8221;{}&#8221;][et_pb_column type=&#8221;1_2&#8243; _builder_version=&#8221;4.16&#8243; background_color=&#8221;#afe0c2&#8243; custom_padding=&#8221;80px|50px|80px||true|false&#8221; custom_padding_tablet=&#8221;&#8221; custom_padding_phone=&#8221;50px|30px|50px||true|false&#8221; custom_padding_last_edited=&#8221;on|tablet&#8221; box_shadow_style=&#8221;preset4&#8243; box_shadow_horizontal=&#8221;-16vw&#8221; box_shadow_vertical=&#8221;0px&#8221; box_shadow_color=&#8221;#afe0c2&#8243; global_colors_info=&#8221;{}&#8221;][et_pb_text _builder_version=&#8221;4.16&#8243; text_font_size=&#8221;4px&#8221; header_font_size=&#8221;26px&#8221; header_2_font=&#8221;Source Sans Pro||||||||&#8221; header_2_font_size=&#8221;33px&#8221; header_2_line_height=&#8221;1.2em&#8221; header_2_font_size_tablet=&#8221;42px&#8221; header_2_font_size_phone=&#8221;24px&#8221; header_2_font_size_last_edited=&#8221;on|phone&#8221; header_2_line_height_tablet=&#8221;&#8221; header_2_line_height_phone=&#8221;1.4em&#8221; header_2_line_height_last_edited=&#8221;on|phone&#8221; locked=&#8221;off&#8221; global_colors_info=&#8221;{}&#8221;]<\/p>\n<h2>Dur\u00e9e de la s\u00e9ance<\/h2>\n<p>[\/et_pb_text][\/et_pb_column][et_pb_column type=&#8221;1_2&#8243; _builder_version=&#8221;4.16&#8243; border_width_all=&#8221;2px&#8221; global_colors_info=&#8221;{}&#8221;][et_pb_accordion closed_toggle_background_color=&#8221;rgba(0,0,0,0)&#8221; icon_color=&#8221;#2a2a2a&#8221; _builder_version=&#8221;4.16&#8243; toggle_font=&#8221;Josefin Sans|600|||||||&#8221; toggle_font_size=&#8221;18px&#8221; toggle_line_height=&#8221;1.4em&#8221; body_font_size=&#8221;16px&#8221; body_line_height=&#8221;1.8em&#8221; custom_padding=&#8221;||||false|true&#8221; toggle_font_size_tablet=&#8221;&#8221; toggle_font_size_phone=&#8221;16px&#8221; toggle_font_size_last_edited=&#8221;on|phone&#8221; body_font_size_tablet=&#8221;&#8221; body_font_size_phone=&#8221;14px&#8221; body_font_size_last_edited=&#8221;on|phone&#8221; border_width_all=&#8221;0px&#8221; border_width_bottom=&#8221;2px&#8221; border_color_bottom=&#8221;#000000&#8243; global_colors_info=&#8221;{}&#8221;][et_pb_accordion_item title=&#8221;1h15 &#8211; 75\u20ac&#8221; open=&#8221;on&#8221; open_toggle_text_color=&#8221;#000000&#8243; _builder_version=&#8221;4.16&#8243; global_colors_info=&#8221;{}&#8221; toggle_text_color=&#8221;#000000&#8243; toggle_font=&#8221;Josefin Sans|600|||||||&#8221;]<\/p>\n<p>La s\u00e9ance dure environ 45&#8242;-50&#8242; pour le massage \u00e0 proprement parl\u00e9 et 30&#8242; d&#8217;\u00e9change et de partage. Une analyse num\u00e9rologique est r\u00e9alis\u00e9e afin de compl\u00e9ter la s\u00e9ance et les filtres de lecture transg\u00e9n\u00e9rationnels.<\/p>\n<p>[\/et_pb_accordion_item][\/et_pb_accordion][\/et_pb_column][\/et_pb_row][\/et_pb_section]<\/p>\n<span class=\"et_bloom_bottom_trigger\"><\/span>","protected":false},"excerpt":{"rendered":"<p>Massage M\u00e9tamorphique &nbsp;Qu\u2019est-ce que le massage M\u00e9tamorphique ? Le massage m\u00e9tamorphique ou la M\u00e9tamorphose est une technique tr\u00e8s simple d&#8217;\u00e9ffleurement qui se pratique sur les zones r\u00e9flexes de la colonne vert\u00e9brale. Ces zones r\u00e9flexes se situent sur les pieds, les mains, la t\u00eate. Cette technique a \u00e9t\u00e9 d\u00e9couverte dans les ann\u00e9es 1950 par Robert St-John, [&hellip;]<\/p>\n","protected":false},"author":1,"featured_media":0,"parent":1827,"menu_order":0,"comment_status":"closed","ping_status":"closed","template":"","meta":{"_et_pb_use_builder":"on","_et_pb_old_content":"","_et_gb_content_width":"","footnotes":""},"class_list":["post-1952","page","type-page","status-publish","hentry"],"_links":{"self":[{"href":"https:\/\/magalibodart.be\/index.php\/wp-json\/wp\/v2\/pages\/1952","targetHints":{"allow":["GET"]}}],"collection":[{"href":"https:\/\/magalibodart.be\/index.php\/wp-json\/wp\/v2\/pages"}],"about":[{"href":"https:\/\/magalibodart.be\/index.php\/wp-json\/wp\/v2\/types\/page"}],"author":[{"embeddable":true,"href":"https:\/\/magalibodart.be\/index.php\/wp-json\/wp\/v2\/users\/1"}],"replies":[{"embeddable":true,"href":"https:\/\/magalibodart.be\/index.php\/wp-json\/wp\/v2\/comments?post=1952"}],"version-history":[{"count":10,"href":"https:\/\/magalibodart.be\/index.php\/wp-json\/wp\/v2\/pages\/1952\/revisions"}],"predecessor-version":[{"id":2393,"href":"https:\/\/magalibodart.be\/index.php\/wp-json\/wp\/v2\/pages\/1952\/revisions\/2393"}],"up":[{"embeddable":true,"href":"https:\/\/magalibodart.be\/index.php\/wp-json\/wp\/v2\/pages\/1827"}],"wp:attachment":[{"href":"https:\/\/magalibodart.be\/index.php\/wp-json\/wp\/v2\/media?parent=1952"}],"curies":[{"name":"wp","href":"https:\/\/api.w.org\/{rel}","templated":true}]}}