{"id":1763,"date":"2021-09-08T10:01:02","date_gmt":"2021-09-08T08:01:02","guid":{"rendered":"https:\/\/magalibodart.be\/?page_id=1763"},"modified":"2021-09-13T10:50:08","modified_gmt":"2021-09-13T08:50:08","slug":"testimoniaux","status":"publish","type":"page","link":"https:\/\/magalibodart.be\/index.php\/testimoniaux\/","title":{"rendered":"Testimoniaux"},"content":{"rendered":"<p>[et_pb_section fb_built=&#8221;1&#8243; admin_label=&#8221;Header&#8221; _builder_version=&#8221;4.10.6&#8243; use_background_color_gradient=&#8221;on&#8221; background_color_gradient_start=&#8221;rgba(0,0,0,0.3)&#8221; background_color_gradient_end=&#8221;rgba(0,0,0,0.3)&#8221; background_color_gradient_overlays_image=&#8221;on&#8221; background_image=&#8221;https:\/\/magalibodart.be\/wp-content\/uploads\/2021\/09\/MGM7196-scaled.jpg&#8221; background_blend=&#8221;hue&#8221; min_height=&#8221;303.8px&#8221; height=&#8221;795px&#8221; custom_margin=&#8221;||-214px|||&#8221; custom_padding=&#8221;4px||0vw||false|false&#8221; global_colors_info=&#8221;{}&#8221; filter_invert__hover_enabled=&#8221;on|desktop&#8221;][et_pb_row _builder_version=&#8221;4.4.7&#8243; custom_padding=&#8221;46px|||||&#8221; global_colors_info=&#8221;{}&#8221;][et_pb_column type=&#8221;4_4&#8243; _builder_version=&#8221;4.4.7&#8243; global_colors_info=&#8221;{}&#8221;][et_pb_text _builder_version=&#8221;4.10.6&#8243; text_font=&#8221;||||||||&#8221; text_text_color=&#8221;#BB4D4C&#8221; text_font_size=&#8221;22px&#8221; text_line_height=&#8221;1.4em&#8221; header_font=&#8221;Zeyada||||||||&#8221; header_text_color=&#8221;#BB4D4C&#8221; header_font_size=&#8221;80px&#8221; text_orientation=&#8221;center&#8221; background_layout=&#8221;dark&#8221; max_width=&#8221;700px&#8221; module_alignment=&#8221;center&#8221; max_height=&#8221;1000px&#8221; custom_margin=&#8221;0px||||false|false&#8221; text_font_size_tablet=&#8221;18px&#8221; text_font_size_phone=&#8221;16px&#8221; text_font_size_last_edited=&#8221;on|tablet&#8221; text_line_height_tablet=&#8221;&#8221; text_line_height_phone=&#8221;1.8em&#8221; text_line_height_last_edited=&#8221;on|phone&#8221; header_font_size_tablet=&#8221;48px&#8221; header_font_size_phone=&#8221;30px&#8221; header_font_size_last_edited=&#8221;on|phone&#8221; inline_fonts=&#8221;Zeyada&#8221; global_colors_info=&#8221;{}&#8221;][\/et_pb_text][\/et_pb_column][\/et_pb_row][et_pb_row _builder_version=&#8221;4.10.6&#8243; _module_preset=&#8221;default&#8221; global_colors_info=&#8221;{}&#8221;][et_pb_column type=&#8221;4_4&#8243; _builder_version=&#8221;4.10.6&#8243; _module_preset=&#8221;default&#8221; global_colors_info=&#8221;{}&#8221;][\/et_pb_column][\/et_pb_row][et_pb_row _builder_version=&#8221;4.10.6&#8243; _module_preset=&#8221;default&#8221; global_colors_info=&#8221;{}&#8221;][et_pb_column type=&#8221;4_4&#8243; _builder_version=&#8221;4.10.6&#8243; _module_preset=&#8221;default&#8221; global_colors_info=&#8221;{}&#8221;][\/et_pb_column][\/et_pb_row][et_pb_row _builder_version=&#8221;4.10.6&#8243; _module_preset=&#8221;default&#8221; global_colors_info=&#8221;{}&#8221;][et_pb_column type=&#8221;4_4&#8243; _builder_version=&#8221;4.10.6&#8243; _module_preset=&#8221;default&#8221; global_colors_info=&#8221;{}&#8221;][et_pb_text _builder_version=&#8221;4.10.6&#8243; _module_preset=&#8221;default&#8221; header_font=&#8221;Zeyada||||||||&#8221; header_text_align=&#8221;center&#8221; header_text_color=&#8221;#BB4D4C&#8221; header_font_size=&#8221;100px&#8221; module_alignment=&#8221;center&#8221; global_colors_info=&#8221;{}&#8221;]<\/p>\n<h1>Testimoniaux<\/h1>\n<p>[\/et_pb_text][\/et_pb_column][\/et_pb_row][\/et_pb_section][et_pb_section fb_built=&#8221;1&#8243; admin_label=&#8221;About&#8221; _builder_version=&#8221;4.4.8&#8243; background_color=&#8221;#ffffff&#8221; width=&#8221;90%&#8221; min_height=&#8221;471.8px&#8221; custom_margin=&#8221;-12vw||-288px||false|false&#8221; custom_padding=&#8221;||0px|10vw|false|false&#8221; global_colors_info=&#8221;{}&#8221;][et_pb_row column_structure=&#8221;3_5,2_5&#8243; _builder_version=&#8221;4.4.8&#8243; width=&#8221;100%&#8221; locked=&#8221;off&#8221; global_colors_info=&#8221;{}&#8221;][et_pb_column type=&#8221;3_5&#8243; _builder_version=&#8221;4.4.8&#8243; custom_padding=&#8221;||||false|false&#8221; custom_padding_last_edited=&#8221;off|tablet&#8221; global_colors_info=&#8221;{}&#8221;][et_pb_text _builder_version=&#8221;4.10.6&#8243; header_text_color=&#8221;#6FAC9B&#8221; header_2_font=&#8221;Zeyada|600|||||||&#8221; header_2_text_color=&#8221;#6FAC9B&#8221; header_2_font_size=&#8221;60px&#8221; header_2_line_height=&#8221;1.2em&#8221; custom_margin_tablet=&#8221;||||false|false&#8221; custom_margin_last_edited=&#8221;off|tablet&#8221; custom_padding_tablet=&#8221;||||false|false&#8221; custom_padding_last_edited=&#8221;off|tablet&#8221; header_2_font_size_tablet=&#8221;42px&#8221; header_2_font_size_phone=&#8221;24px&#8221; header_2_font_size_last_edited=&#8221;on|phone&#8221; header_2_line_height_tablet=&#8221;&#8221; header_2_line_height_phone=&#8221;1.4em&#8221; header_2_line_height_last_edited=&#8221;on|phone&#8221; locked=&#8221;off&#8221; inline_fonts=&#8221;Zeyada&#8221; global_colors_info=&#8221;{}&#8221;]<\/p>\n<h2><span style=\"font-family: Zeyada;\">Laissez moi vos commentaires<br \/><\/span><\/h2>\n<p>[\/et_pb_text][\/et_pb_column][et_pb_column type=&#8221;2_5&#8243; _builder_version=&#8221;4.4.8&#8243; custom_padding=&#8221;30px||||false|false&#8221; custom_padding_tablet=&#8221;0px||||false|false&#8221; custom_padding_phone=&#8221;&#8221; custom_padding_last_edited=&#8221;on|tablet&#8221; global_colors_info=&#8221;{}&#8221;][\/et_pb_column][\/et_pb_row][et_pb_row _builder_version=&#8221;4.10.6&#8243; _module_preset=&#8221;default&#8221; global_colors_info=&#8221;{}&#8221;][et_pb_column type=&#8221;4_4&#8243; _builder_version=&#8221;4.10.6&#8243; _module_preset=&#8221;default&#8221; global_colors_info=&#8221;{}&#8221;][et_pb_text _builder_version=&#8221;4.10.6&#8243; _module_preset=&#8221;default&#8221; text_text_color=&#8221;#BB4D4C&#8221; text_font_size=&#8221;18px&#8221; header_font_size=&#8221;38px&#8221; global_colors_info=&#8221;{}&#8221;]<\/p>\n<p>Parce que votre avis m&#8217;int\u00e9resse et pour en faire profiter les autres, laissez-moi vos commentaires.<\/p>\n<p>[\/et_pb_text][\/et_pb_column][\/et_pb_row][\/et_pb_section][et_pb_section fb_built=&#8221;1&#8243; admin_label=&#8221;Features&#8221; _builder_version=&#8221;4.4.8&#8243; global_colors_info=&#8221;{}&#8221;][et_pb_row column_structure=&#8221;3_5,2_5&#8243; _builder_version=&#8221;4.10.6&#8243; _module_preset=&#8221;default&#8221; global_colors_info=&#8221;{}&#8221;][et_pb_column type=&#8221;3_5&#8243; _builder_version=&#8221;4.10.6&#8243; _module_preset=&#8221;default&#8221; global_colors_info=&#8221;{}&#8221;][et_pb_testimonial author=&#8221;M\u00e9lanie Foucault&#8221; _builder_version=&#8221;4.10.6&#8243; _module_preset=&#8221;default&#8221; text_orientation=&#8221;center&#8221; min_height=&#8221;176px&#8221; global_colors_info=&#8221;{}&#8221;]<\/p>\n<p>Super vid\u00e9o Magali Bd. J\u2019ai suivi une formation de massage parce que cela m\u2019attirait. Gestionnaire administrative durant 10annees,mes mains voulaient faire quelque chose. Alors j\u2019ai cherch\u00e9 et j\u2019ai trouv\u00e9 ce que j\u2019allais faire et avec qui le faire. Je suis contente d\u2019avoir appris et d\u2019avoir eu cette \u00e9tape dans ma vie. La formation de Magali permet de l\u00e2cher prise, de profiter, et d\u2019apprendre. Apprendre sur soi et pour les autres. En r\u00e9sum\u00e9, une exp\u00e9rience humaine avec une transmission sans conditions, sans limite d\u2019energie. Un partage inconditionnel. Je me souviens de tes mots: lorsque tu commences les formations tu n\u2019arretes plus. Ces mots r\u00e9sonnent sans cesse,c\u2019est gr\u00e2ce \u00e0 toi que je continue d\u2019avoir envie. Tu es dans le vrai,la sinc\u00e9rit\u00e9 et l\u2019amour \ud83d\ude0d\ud83d\udc9e\ud83e\udde0 bonne continuation, au plaisir<\/p>\n<p>[\/et_pb_testimonial][\/et_pb_column][et_pb_column type=&#8221;2_5&#8243; _builder_version=&#8221;4.10.6&#8243; _module_preset=&#8221;default&#8221; global_colors_info=&#8221;{}&#8221;][et_pb_testimonial author=&#8221;St\u00e9phanie Haemers&#8221; _builder_version=&#8221;4.10.6&#8243; _module_preset=&#8221;default&#8221; text_orientation=&#8221;center&#8221; global_colors_info=&#8221;{}&#8221;]<\/p>\n<p>J ai suivi plusieurs formations avec Magali , aujourd\u2019hui je masse et chaque jour qui passe je me sens de plus en plus en confiance,par les retours positifs qui me reviennent \ud83e\udd29 alors oui c est n est pas seulement une formation technique, c est une ouverture du c\u0153ur ,une rencontre avec soi , une transmission de passions , un tournant dans une vie \u2026\ud83e\udd70 aujourd\u2019hui je suis \u00e9panouie et heureuse je te dit merci.<\/p>\n<p>[\/et_pb_testimonial][\/et_pb_column][\/et_pb_row][et_pb_row column_structure=&#8221;1_3,1_3,1_3&#8243; _builder_version=&#8221;4.10.6&#8243; _module_preset=&#8221;default&#8221; global_colors_info=&#8221;{}&#8221;][et_pb_column type=&#8221;1_3&#8243; _builder_version=&#8221;4.10.6&#8243; _module_preset=&#8221;default&#8221; global_colors_info=&#8221;{}&#8221;][et_pb_testimonial author=&#8221;Sylvie Goffin&#8221; _builder_version=&#8221;4.10.6&#8243; _module_preset=&#8221;default&#8221; global_colors_info=&#8221;{}&#8221;]<\/p>\n<p>Magali est une personne vraie et qui sait partager ses connaissances. On ressent vraiment la passion et l\u2019amour du massage. Son professionnalisme, sa bonne humeur, si je le pouvais, je ferai toutes ses formations \ud83e\udd29\ud83d\ude0d\ud83d\ude0d<\/p>\n<p>[\/et_pb_testimonial][\/et_pb_column][et_pb_column type=&#8221;1_3&#8243; _builder_version=&#8221;4.10.6&#8243; _module_preset=&#8221;default&#8221; global_colors_info=&#8221;{}&#8221;][et_pb_testimonial author=&#8221;Ma\u00eft\u00e9 Fr\u00e8re&#8221; _builder_version=&#8221;4.10.6&#8243; _module_preset=&#8221;default&#8221; global_colors_info=&#8221;{}&#8221;]<\/p>\n<p>Magali a des doigts de f\u00e9e, cliente chez elle depuis ses d\u00e9buts, je ne changerais pour rien au monde de reflexologue ou de masseuse. Tr\u00e8s \u00e0 l\u2019\u00e9coute et de tr\u00e8s bon conseil. J\u2019ai une confiance absolue en ses comp\u00e9tences. Je vous la recommande chaudement.<\/p>\n<p>[\/et_pb_testimonial][\/et_pb_column][et_pb_column type=&#8221;1_3&#8243; _builder_version=&#8221;4.10.6&#8243; _module_preset=&#8221;default&#8221; global_colors_info=&#8221;{}&#8221;][et_pb_testimonial author=&#8221;Seb A.&#8221; _builder_version=&#8221;4.10.6&#8243; _module_preset=&#8221;default&#8221; global_colors_info=&#8221;{}&#8221;]<\/p>\n<p>Magali est une professionnelle vraiment comp\u00e9tente. Son empathie et son d\u00e9vouement sont remarquables. Riche de sa formation continue. Elle vous accueillera avec un regard uniquement tourn\u00e9 vers vous et vos besoins. Elle est une belle personne, lumineuse, qui vous transmettra toute l\u2019\u00e9nergie bienveillante dont elle est remplie. Si les f\u00e9es existent peut \u00eatre en fait elle partie?<\/p>\n<p>[\/et_pb_testimonial][\/et_pb_column][\/et_pb_row][et_pb_row column_structure=&#8221;2_5,3_5&#8243; _builder_version=&#8221;4.10.6&#8243; _module_preset=&#8221;default&#8221; global_colors_info=&#8221;{}&#8221;][et_pb_column type=&#8221;2_5&#8243; _builder_version=&#8221;4.10.6&#8243; _module_preset=&#8221;default&#8221; global_colors_info=&#8221;{}&#8221;][et_pb_testimonial author=&#8221;Geofrey V.&#8221; _builder_version=&#8221;4.10.6&#8243; _module_preset=&#8221;default&#8221; global_colors_info=&#8221;{}&#8221;]<\/p>\n<p>Il est des gens dont la rencontre bouleverse votre quotidien., le temps d\u2019une s\u00e9ance, d\u2019une heure ou plus. Magali fait ind\u00e9niablement partie de ces personnes. Tant par son professionnalisme que par ses qualit\u00e9s humaines, une rencontre avec elle plac\u00e9e sous le signe de la bienveillance, de l\u2019\u00e9coute, de l\u2019attention et d\u2019empathie ne peut que vous apporter bien-\u00eatre et d\u00e9tente dans un monde qui n\u2019en apporte que finalement trop peu\u2026 Que ce soit pour une s\u00e9ance massage, une formation ou bien encore un autre de ses services, c\u2019est l\u2019assurance de passer un moment empreint d\u2019humanit\u00e9 et de bienveillance avec une personne aussi rare que dou\u00e9e dans son(ses?) domaines<\/p>\n<p>[\/et_pb_testimonial][\/et_pb_column][et_pb_column type=&#8221;3_5&#8243; _builder_version=&#8221;4.10.6&#8243; _module_preset=&#8221;default&#8221; global_colors_info=&#8221;{}&#8221;][et_pb_testimonial author=&#8221;Raphael&#8221; _builder_version=&#8221;4.10.6&#8243; _module_preset=&#8221;default&#8221; global_colors_info=&#8221;{}&#8221;]<\/p>\n<p>En qu\u00eate de bien-\u00eatre, j\u2019ai \u00e9t\u00e9 interpel\u00e9 par l\u2019originalit\u00e9 du concept du massage psychoth\u00e9rapeutique propos\u00e9 par Magali. S\u00e9duit par cette d\u00e9marche globale, alliant massage et analyse psychologique, il me tardait de m\u2019en remettre \u00e0 ses soins.<\/p>\n<p>Apr\u00e8s quelques mots d\u2019accueil, je con\u00e7ois pleinement le parcours dynamique que nous allons suivre. En effet, \u00e0 l\u2019inverse des \u00ab sentiers battus \u00bb des massages \u00ab cibl\u00e9s \u00bb (californien, sportif, relaxant\u2026), nous ne nous en remettrons pas \u00e0 un itin\u00e9raire fl\u00e9ch\u00e9. Que du contraire, il s\u2019improvisera au gr\u00e9 des indiscr\u00e9tions que livrera le corps.<\/p>\n<p>Et de fait, les mains \u00e0 peine appos\u00e9es, s\u2019engage entre elles et lui un discours palpitant. Plus loquace que moi, il lui raconte inlassablement ses petits chagrins. Et elles, attentives \u00e0 la moindre parole, l\u2019\u00e9coutent, le r\u00e9confortent, l\u2019apaisent.<\/p>\n<p>Au terme du dialogue, Magali me r\u00e9v\u00e8le les \u00ab confidences \u00bb livr\u00e9es par mon enveloppe corporelle et nous les confrontons \u00e0 celles enfouies, parfois profond\u00e9ment, dans mon (sub)conscient. Je suis subjugu\u00e9 par la quantit\u00e9, la pr\u00e9cision et, surtout, la r\u00e9alit\u00e9 de ce qui lui a \u00e9t\u00e9 r\u00e9v\u00e9l\u00e9 2h durant . Bien plus que je n\u2019en aurais dit, voire m\u00eame reconnu.<\/p>\n<p>Me voici quelques jours apr\u00e8s cette exp\u00e9rience vivifiante et toujours nimb\u00e9 d\u2019une aura de pl\u00e9nitude inou\u00efe.<\/p>\n<p>Merci Magali de tant de sagesse et de bienveillance.<\/p>\n<p>[\/et_pb_testimonial][\/et_pb_column][\/et_pb_row][et_pb_row _builder_version=&#8221;4.10.6&#8243; _module_preset=&#8221;default&#8221; global_colors_info=&#8221;{}&#8221;][et_pb_column type=&#8221;4_4&#8243; _builder_version=&#8221;4.10.6&#8243; _module_preset=&#8221;default&#8221; global_colors_info=&#8221;{}&#8221;][et_pb_contact_form _builder_version=&#8221;4.10.6&#8243; _module_preset=&#8221;default&#8221; global_colors_info=&#8221;{}&#8221;][et_pb_contact_field field_id=&#8221;Name&#8221; field_title=&#8221;Nom&#8221; _builder_version=&#8221;3.16&#8243; global_colors_info=&#8221;{}&#8221; button_text_size__hover_enabled=&#8221;off&#8221; button_one_text_size__hover_enabled=&#8221;off&#8221; button_two_text_size__hover_enabled=&#8221;off&#8221; button_text_color__hover_enabled=&#8221;off&#8221; button_one_text_color__hover_enabled=&#8221;off&#8221; button_two_text_color__hover_enabled=&#8221;off&#8221; button_border_width__hover_enabled=&#8221;off&#8221; button_one_border_width__hover_enabled=&#8221;off&#8221; button_two_border_width__hover_enabled=&#8221;off&#8221; button_border_color__hover_enabled=&#8221;off&#8221; button_one_border_color__hover_enabled=&#8221;off&#8221; button_two_border_color__hover_enabled=&#8221;off&#8221; button_border_radius__hover_enabled=&#8221;off&#8221; button_one_border_radius__hover_enabled=&#8221;off&#8221; button_two_border_radius__hover_enabled=&#8221;off&#8221; button_letter_spacing__hover_enabled=&#8221;off&#8221; button_one_letter_spacing__hover_enabled=&#8221;off&#8221; button_two_letter_spacing__hover_enabled=&#8221;off&#8221; button_bg_color__hover_enabled=&#8221;off&#8221; button_one_bg_color__hover_enabled=&#8221;off&#8221; button_two_bg_color__hover_enabled=&#8221;off&#8221;][\/et_pb_contact_field][et_pb_contact_field field_id=&#8221;Email&#8221; field_title=&#8221;Adresse e-mail&#8221; field_type=&#8221;email&#8221; _builder_version=&#8221;3.16&#8243; global_colors_info=&#8221;{}&#8221; button_text_size__hover_enabled=&#8221;off&#8221; button_one_text_size__hover_enabled=&#8221;off&#8221; button_two_text_size__hover_enabled=&#8221;off&#8221; button_text_color__hover_enabled=&#8221;off&#8221; button_one_text_color__hover_enabled=&#8221;off&#8221; button_two_text_color__hover_enabled=&#8221;off&#8221; button_border_width__hover_enabled=&#8221;off&#8221; button_one_border_width__hover_enabled=&#8221;off&#8221; button_two_border_width__hover_enabled=&#8221;off&#8221; button_border_color__hover_enabled=&#8221;off&#8221; button_one_border_color__hover_enabled=&#8221;off&#8221; button_two_border_color__hover_enabled=&#8221;off&#8221; button_border_radius__hover_enabled=&#8221;off&#8221; button_one_border_radius__hover_enabled=&#8221;off&#8221; button_two_border_radius__hover_enabled=&#8221;off&#8221; button_letter_spacing__hover_enabled=&#8221;off&#8221; button_one_letter_spacing__hover_enabled=&#8221;off&#8221; button_two_letter_spacing__hover_enabled=&#8221;off&#8221; button_bg_color__hover_enabled=&#8221;off&#8221; button_one_bg_color__hover_enabled=&#8221;off&#8221; button_two_bg_color__hover_enabled=&#8221;off&#8221;][\/et_pb_contact_field][et_pb_contact_field field_id=&#8221;Message&#8221; field_title=&#8221;Message&#8221; field_type=&#8221;text&#8221; fullwidth_field=&#8221;on&#8221; _builder_version=&#8221;3.16&#8243; global_colors_info=&#8221;{}&#8221; button_text_size__hover_enabled=&#8221;off&#8221; button_one_text_size__hover_enabled=&#8221;off&#8221; button_two_text_size__hover_enabled=&#8221;off&#8221; button_text_color__hover_enabled=&#8221;off&#8221; button_one_text_color__hover_enabled=&#8221;off&#8221; button_two_text_color__hover_enabled=&#8221;off&#8221; button_border_width__hover_enabled=&#8221;off&#8221; button_one_border_width__hover_enabled=&#8221;off&#8221; button_two_border_width__hover_enabled=&#8221;off&#8221; button_border_color__hover_enabled=&#8221;off&#8221; button_one_border_color__hover_enabled=&#8221;off&#8221; button_two_border_color__hover_enabled=&#8221;off&#8221; button_border_radius__hover_enabled=&#8221;off&#8221; button_one_border_radius__hover_enabled=&#8221;off&#8221; button_two_border_radius__hover_enabled=&#8221;off&#8221; button_letter_spacing__hover_enabled=&#8221;off&#8221; button_one_letter_spacing__hover_enabled=&#8221;off&#8221; button_two_letter_spacing__hover_enabled=&#8221;off&#8221; button_bg_color__hover_enabled=&#8221;off&#8221; button_one_bg_color__hover_enabled=&#8221;off&#8221; button_two_bg_color__hover_enabled=&#8221;off&#8221;][\/et_pb_contact_field][\/et_pb_contact_form][\/et_pb_column][\/et_pb_row][\/et_pb_section]<\/p>\n<span class=\"et_bloom_bottom_trigger\"><\/span>","protected":false},"excerpt":{"rendered":"<p>TestimoniauxLaissez moi vos commentairesParce que votre avis m&#8217;int\u00e9resse et pour en faire profiter les autres, laissez-moi vos commentaires.Super vid\u00e9o Magali Bd. J\u2019ai suivi une formation de massage parce que cela m\u2019attirait. Gestionnaire administrative durant 10annees,mes mains voulaient faire quelque chose. Alors j\u2019ai cherch\u00e9 et j\u2019ai trouv\u00e9 ce que j\u2019allais faire et avec qui le faire. [&hellip;]<\/p>\n","protected":false},"author":1,"featured_media":0,"parent":0,"menu_order":0,"comment_status":"closed","ping_status":"closed","template":"","meta":{"_et_pb_use_builder":"on","_et_pb_old_content":"","_et_gb_content_width":"","footnotes":""},"class_list":["post-1763","page","type-page","status-publish","hentry"],"_links":{"self":[{"href":"https:\/\/magalibodart.be\/index.php\/wp-json\/wp\/v2\/pages\/1763","targetHints":{"allow":["GET"]}}],"collection":[{"href":"https:\/\/magalibodart.be\/index.php\/wp-json\/wp\/v2\/pages"}],"about":[{"href":"https:\/\/magalibodart.be\/index.php\/wp-json\/wp\/v2\/types\/page"}],"author":[{"embeddable":true,"href":"https:\/\/magalibodart.be\/index.php\/wp-json\/wp\/v2\/users\/1"}],"replies":[{"embeddable":true,"href":"https:\/\/magalibodart.be\/index.php\/wp-json\/wp\/v2\/comments?post=1763"}],"version-history":[{"count":8,"href":"https:\/\/magalibodart.be\/index.php\/wp-json\/wp\/v2\/pages\/1763\/revisions"}],"predecessor-version":[{"id":1819,"href":"https:\/\/magalibodart.be\/index.php\/wp-json\/wp\/v2\/pages\/1763\/revisions\/1819"}],"wp:attachment":[{"href":"https:\/\/magalibodart.be\/index.php\/wp-json\/wp\/v2\/media?parent=1763"}],"curies":[{"name":"wp","href":"https:\/\/api.w.org\/{rel}","templated":true}]}}