{"id":1640,"date":"2021-09-06T15:14:45","date_gmt":"2021-09-06T13:14:45","guid":{"rendered":"https:\/\/magalibodart.be\/?page_id=1640"},"modified":"2025-07-21T11:29:34","modified_gmt":"2025-07-21T09:29:34","slug":"contacts","status":"publish","type":"page","link":"https:\/\/magalibodart.be\/index.php\/contacts\/","title":{"rendered":"Contact"},"content":{"rendered":"<p>[et_pb_section fb_built=&#8221;1&#8243; admin_label=&#8221;Header&#8221; _builder_version=&#8221;4.16&#8243; background_color=&#8221;#f9f3eb&#8221; background_image=&#8221;https:\/\/magalibodart.be\/wp-content\/uploads\/2021\/09\/MGM7178-scaled.jpg&#8221; background_position=&#8221;top_center&#8221; background_blend=&#8221;luminosity&#8221; custom_margin=&#8221;-60px||48px||false|false&#8221; custom_padding=&#8221;191px||46px||false|false&#8221; locked=&#8221;off&#8221; global_colors_info=&#8221;{}&#8221;][et_pb_row _builder_version=&#8221;4.16&#8243; global_colors_info=&#8221;{}&#8221;][et_pb_column type=&#8221;4_4&#8243; _builder_version=&#8221;4.16&#8243; global_colors_info=&#8221;{}&#8221;][et_pb_text _builder_version=&#8221;4.16&#8243; text_font=&#8221;Zeyada||||||||&#8221; text_font_size=&#8221;22px&#8221; text_line_height=&#8221;1.4em&#8221; header_font=&#8221;Zeyada||||||||&#8221; header_text_color=&#8221;#BB4D4C&#8221; header_font_size=&#8221;96px&#8221; text_orientation=&#8221;center&#8221; max_width=&#8221;700px&#8221; module_alignment=&#8221;center&#8221; min_height=&#8221;342px&#8221; text_font_size_tablet=&#8221;18px&#8221; text_font_size_phone=&#8221;16px&#8221; text_font_size_last_edited=&#8221;on|tablet&#8221; text_line_height_tablet=&#8221;&#8221; text_line_height_phone=&#8221;1.8em&#8221; text_line_height_last_edited=&#8221;on|phone&#8221; header_font_size_tablet=&#8221;48px&#8221; header_font_size_phone=&#8221;30px&#8221; header_font_size_last_edited=&#8221;on|phone&#8221; locked=&#8221;off&#8221; global_colors_info=&#8221;{}&#8221;]<\/p>\n<h1><\/h1>\n<h1><\/h1>\n<h1><\/h1>\n<h1><\/h1>\n<h1><\/h1>\n<h1><\/h1>\n<h1><\/h1>\n<h1><\/h1>\n<h1><\/h1>\n<h1><\/h1>\n<h1><\/h1>\n<h1><\/h1>\n<h1><\/h1>\n<h1><\/h1>\n<h1><\/h1>\n<h1><\/h1>\n<h1><\/h1>\n<h1><\/h1>\n<h1><\/h1>\n<h1><\/h1>\n<h1><\/h1>\n<h1><\/h1>\n<h1><\/h1>\n<h1><\/h1>\n<h1><\/h1>\n<h1><\/h1>\n<h1><\/h1>\n<h1><\/h1>\n<h1><\/h1>\n<h1><\/h1>\n<h1><\/h1>\n<h1><\/h1>\n<h1>Contact<\/h1>\n<p>[\/et_pb_text][\/et_pb_column][\/et_pb_row][\/et_pb_section][et_pb_section fb_built=&#8221;1&#8243; admin_label=&#8221;Contact&#8221; _builder_version=&#8221;4.16&#8243; background_color=&#8221;rgba(0,0,0,0)&#8221; custom_margin=&#8221;170px|||||&#8221; custom_padding=&#8221;0px|||||&#8221; global_colors_info=&#8221;{}&#8221;][et_pb_row _builder_version=&#8221;4.25.2&#8243; background_enable_color=&#8221;off&#8221; custom_margin=&#8221;-70px||||false|false&#8221; custom_padding=&#8221;2px|||||&#8221; hover_enabled=&#8221;0&#8243; global_colors_info=&#8221;{}&#8221; sticky_enabled=&#8221;0&#8243;][et_pb_column type=&#8221;4_4&#8243; _builder_version=&#8221;4.16&#8243; background_color=&#8221;#ffffff&#8221; custom_padding=&#8221;80px|50px|||false|false&#8221; custom_padding_tablet=&#8221;50px|0px|||false|false&#8221; custom_padding_phone=&#8221;&#8221; custom_padding_last_edited=&#8221;on|phone&#8221; box_shadow_style=&#8221;preset4&#8243; box_shadow_horizontal=&#8221;-60px&#8221; box_shadow_vertical=&#8221;0px&#8221; box_shadow_color=&#8221;#ffffff&#8221; global_colors_info=&#8221;{}&#8221;][et_pb_text _builder_version=&#8221;4.16&#8243; text_font=&#8221;Zeyada||||||||&#8221; text_text_color=&#8221;#BB4D4C&#8221; text_font_size=&#8221;35px&#8221; text_line_height=&#8221;1.1em&#8221; header_font=&#8221;Zeyada||||||||&#8221; custom_margin=&#8221;-29px||1px||false|false&#8221; custom_padding=&#8221;||0px|||&#8221; text_font_size_tablet=&#8221;&#8221; text_font_size_phone=&#8221;14px&#8221; text_font_size_last_edited=&#8221;on|phone&#8221; locked=&#8221;off&#8221; global_colors_info=&#8221;{}&#8221;]<\/p>\n<p>Par t\u00e9l\u00e9phone:<\/p>\n<p>[\/et_pb_text][et_pb_sidebar _builder_version=&#8221;4.16&#8243; _module_preset=&#8221;default&#8221; global_colors_info=&#8221;{}&#8221;][\/et_pb_sidebar][et_pb_text _builder_version=&#8221;4.16&#8243; text_font=&#8221;Source Sans Pro||||||||&#8221; header_font=&#8221;Source Sans Pro||||||||&#8221; header_font_size=&#8221;28px&#8221; header_3_font=&#8221;Josefin Sans||||||||&#8221; header_3_font_size=&#8221;19px&#8221; header_3_line_height=&#8221;1.8em&#8221; global_colors_info=&#8221;{}&#8221; min_height=&#8221;79.4px&#8221;]<\/p>\n<h3>Par \u00e9crit de pr\u00e9f\u00e9rence, je suis plus r\u00e9active (sms, watsapp, signal)\u00a0<\/h3>\n<h3>0483\/51.69.26<span style=\"font-size: 14px; font-family: 'Source Sans Pro', Helvetica, Arial, Lucida, sans-serif; color: #666666;\">\u00a0<\/span><\/h3>\n<p>[\/et_pb_text][et_pb_text _builder_version=&#8221;4.16&#8243; text_font=&#8221;Zeyada||||||||&#8221; text_text_color=&#8221;#BB4D4C&#8221; text_font_size=&#8221;35px&#8221; text_line_height=&#8221;1.1em&#8221; header_font=&#8221;Zeyada||||||||&#8221; custom_margin=&#8221;-29px||0px||false|false&#8221; custom_padding=&#8221;||0px|||&#8221; text_font_size_tablet=&#8221;&#8221; text_font_size_phone=&#8221;14px&#8221; text_font_size_last_edited=&#8221;on|phone&#8221; locked=&#8221;off&#8221; global_colors_info=&#8221;{}&#8221;]<\/p>\n<p>Via les r\u00e9seaux sociaux:<\/p>\n<p>[\/et_pb_text][et_pb_text _builder_version=&#8221;4.25.2&#8243; text_font=&#8221;Source Sans Pro||||||||&#8221; header_font=&#8221;Source Sans Pro||||||||&#8221; header_font_size=&#8221;28px&#8221; header_3_font=&#8221;Josefin Sans||||||||&#8221; header_3_font_size=&#8221;19px&#8221; header_3_line_height=&#8221;1.8em&#8221; hover_enabled=&#8221;0&#8243; global_colors_info=&#8221;{}&#8221; sticky_enabled=&#8221;0&#8243;]<\/p>\n<h3><a href=\"https:\/\/www.facebook.com\/contact.magalibodart\/\">Facebook<\/a> &#8211; <a href=\"https:\/\/www.instagram.com\/magalibodart.accompagnatrice\/\">Instagram<\/a> &#8211; <a href=\"https:\/\/www.linkedin.com\/in\/magali-bodart-17a16224a\/\">LinkedIn<\/a><\/h3>\n<p>[\/et_pb_text][et_pb_text _builder_version=&#8221;4.16&#8243; text_font=&#8221;Source Sans Pro||||||||&#8221; header_font=&#8221;Zeyada||||||||&#8221; header_3_font=&#8221;Zeyada||||||||&#8221; header_3_text_color=&#8221;#BB4D4C&#8221; header_3_font_size=&#8221;34px&#8221; header_3_line_height=&#8221;1.8em&#8221; custom_margin=&#8221;-31px||-17px||false|false&#8221; global_colors_info=&#8221;{}&#8221;]<\/p>\n<h3>Lieux:\u00a0<\/h3>\n<p>[\/et_pb_text][et_pb_text _builder_version=&#8221;4.16&#8243; text_font=&#8221;Source Sans Pro||||||||&#8221; text_font_size=&#8221;16px&#8221; header_font=&#8221;Source Sans Pro||||||||&#8221; header_font_size=&#8221;25px&#8221; header_3_font=&#8221;Josefin Sans||||||||&#8221; header_3_font_size=&#8221;19px&#8221; header_3_line_height=&#8221;1.8em&#8221; custom_padding=&#8221;||39px||false|false&#8221; global_colors_info=&#8221;{}&#8221;]<\/p>\n<h3>TERRA PIE<br \/>Rue Emile L\u00e9t\u00e9 5, 7332 Sirault (Belgique)<\/h3>\n<p>[\/et_pb_text][\/et_pb_column][\/et_pb_row][\/et_pb_section][et_pb_section fb_built=&#8221;1&#8243; _builder_version=&#8221;4.16&#8243; _module_preset=&#8221;default&#8221; custom_margin=&#8221;0px||||false|false&#8221; custom_padding=&#8221;0px||0px||false|false&#8221; global_colors_info=&#8221;{}&#8221;][\/et_pb_section][et_pb_section fb_built=&#8221;1&#8243; admin_label=&#8221;CTA&#8221; _builder_version=&#8221;4.16&#8243; background_color=&#8221;#D0E7B3&#8243; min_height=&#8221;1134px&#8221; custom_padding=&#8221;||0px|||&#8221; global_colors_info=&#8221;{}&#8221;][et_pb_row column_structure=&#8221;3_4,1_4&#8243; _builder_version=&#8221;4.16&#8243; _module_preset=&#8221;default&#8221; global_colors_info=&#8221;{}&#8221;][et_pb_column type=&#8221;3_4&#8243; _builder_version=&#8221;4.16&#8243; _module_preset=&#8221;default&#8221; global_colors_info=&#8221;{}&#8221;][et_pb_map google_api_key=&#8221;AIzaSyDiXfSEi_0pNFNFPw-CQ4OutN-H6YR_VEw&#8221; address=&#8221;Rue Emile L\u00e9t\u00e9 5, 7332 Saint-Ghislain, Belgium&#8221; zoom_level=&#8221;13&#8243; address_lat=&#8221;50.5145066&#8243; address_lng=&#8221;3.8122504&#8243; _builder_version=&#8221;4.16&#8243; _module_preset=&#8221;default&#8221; global_colors_info=&#8221;{}&#8221;][et_pb_map_pin title=&#8221;Magali Bodart&#8221; pin_address=&#8221;Rue Emile L\u00e9t\u00e9 5, 7332 Saint-Ghislain, Belgium&#8221; zoom_level=&#8221;17&#8243; pin_address_lat=&#8221;50.5145066&#8243; pin_address_lng=&#8221;3.8122504&#8243; _builder_version=&#8221;4.10.6&#8243; _module_preset=&#8221;default&#8221; global_colors_info=&#8221;{}&#8221;][\/et_pb_map_pin][\/et_pb_map][\/et_pb_column][et_pb_column type=&#8221;1_4&#8243; _builder_version=&#8221;4.16&#8243; _module_preset=&#8221;default&#8221; global_colors_info=&#8221;{}&#8221;][et_pb_text _builder_version=&#8221;4.16&#8243; _module_preset=&#8221;default&#8221; text_font_size=&#8221;17px&#8221; header_text_color=&#8221;#BB4D4C&#8221; header_font_size=&#8221;33px&#8221; header_3_text_color=&#8221;#BB4D4C&#8221; header_3_font_size=&#8221;27px&#8221; global_colors_info=&#8221;{}&#8221;]<\/p>\n<p>Rue Emile L\u00e9t\u00e9 5,<br \/>7332 Sirault (Belgique)<\/p>\n<p>[\/et_pb_text][\/et_pb_column][\/et_pb_row][\/et_pb_section][et_pb_section fb_built=&#8221;1&#8243; admin_label=&#8221;Footer&#8221; _builder_version=&#8221;4.16&#8243; background_color=&#8221;#ffffff&#8221; use_background_color_gradient=&#8221;on&#8221; background_color_gradient_stops=&#8221;#d0e7b3 0%|#6fac9b 100%&#8221; background_color_gradient_overlays_image=&#8221;on&#8221; background_color_gradient_start=&#8221;#d0e7b3&#8243; background_color_gradient_end=&#8221;#6fac9b&#8221; background_image=&#8221;https:\/\/magalibodart.be\/wp-content\/uploads\/2021\/09\/holistic-healer-21.png&#8221; background_size=&#8221;initial&#8221; background_position=&#8221;top_left&#8221; background_repeat=&#8221;repeat&#8221; overflow-x=&#8221;hidden&#8221; overflow-y=&#8221;hidden&#8221; locked=&#8221;off&#8221; global_colors_info=&#8221;{}&#8221;][et_pb_row _builder_version=&#8221;4.16&#8243; width=&#8221;60%&#8221; global_colors_info=&#8221;{}&#8221;][et_pb_column type=&#8221;4_4&#8243; _builder_version=&#8221;4.16&#8243; global_colors_info=&#8221;{}&#8221;][et_pb_text _builder_version=&#8221;4.16&#8243; text_text_color=&#8221;#BB4D4C&#8221; text_font_size=&#8221;40px&#8221; header_text_color=&#8221;#BB4D4C&#8221; header_2_font=&#8221;ZCOOL XiaoWei||||||||&#8221; header_2_text_color=&#8221;#a9804a&#8221; header_2_font_size=&#8221;80px&#8221; text_orientation=&#8221;center&#8221; max_width=&#8221;550px&#8221; max_width_tablet=&#8221;350px&#8221; max_width_phone=&#8221;220px&#8221; max_width_last_edited=&#8221;on|desktop&#8221; module_alignment=&#8221;center&#8221; header_2_font_size_tablet=&#8221;48px&#8221; header_2_font_size_phone=&#8221;30px&#8221; header_2_font_size_last_edited=&#8221;on|phone&#8221; border_color_left=&#8221;#BB4D4C&#8221; inline_fonts=&#8221;Zeyada&#8221; global_colors_info=&#8221;{}&#8221;]<\/p>\n<h2><span style=\"font-family: Zeyada; font-weight: normal; font-size: xx-large; color: #bb4d4c;\">Prenez rendez-vous<\/span><\/h2>\n<p>[\/et_pb_text][\/et_pb_column][\/et_pb_row][et_pb_row column_structure=&#8221;1_3,1_3,1_3&#8243; _builder_version=&#8221;4.16&#8243; global_colors_info=&#8221;{}&#8221;][et_pb_column type=&#8221;1_3&#8243; _builder_version=&#8221;4.16&#8243; global_colors_info=&#8221;{}&#8221;][\/et_pb_column][et_pb_column type=&#8221;1_3&#8243; _builder_version=&#8221;4.16&#8243; global_colors_info=&#8221;{}&#8221;][et_pb_button button_url=&#8221;https:\/\/magalibodart.be\/index.php\/contacts\/&#8221; button_text=&#8221;contactez-moi&#8221; button_alignment=&#8221;center&#8221; _builder_version=&#8221;4.16&#8243; custom_button=&#8221;on&#8221; button_text_size=&#8221;22px&#8221; button_bg_color=&#8221;#BB4D4C&#8221; button_border_width=&#8221;0px&#8221; button_border_radius=&#8221;50px&#8221; button_font=&#8221;Josefin Sans|600|||||||&#8221; background_layout=&#8221;dark&#8221; custom_margin_tablet=&#8221;0px||||false|false&#8221; custom_margin_last_edited=&#8221;off|desktop&#8221; custom_padding=&#8221;15px|40px|15px|40px|true|true&#8221; button_text_size_tablet=&#8221;18px&#8221; button_text_size_phone=&#8221;14px&#8221; button_text_size_last_edited=&#8221;on|phone&#8221; locked=&#8221;off&#8221; global_colors_info=&#8221;{}&#8221;][\/et_pb_button][\/et_pb_column][et_pb_column type=&#8221;1_3&#8243; _builder_version=&#8221;4.16&#8243; global_colors_info=&#8221;{}&#8221;][\/et_pb_column][\/et_pb_row][\/et_pb_section]<\/p>\n<span class=\"et_bloom_bottom_trigger\"><\/span>","protected":false},"excerpt":{"rendered":"<p>ContactPar t\u00e9l\u00e9phone:Par \u00e9crit de pr\u00e9f\u00e9rence, je suis plus r\u00e9active (sms, watsapp, signal)\u00a0 0483\/51.69.26\u00a0Via les r\u00e9seaux sociaux:Facebook &#8211; Instagram &#8211; LinkedInLieux:\u00a0TERRA PIERue Emile L\u00e9t\u00e9 5, 7332 Sirault (Belgique)Rue Emile L\u00e9t\u00e9 5,7332 Sirault (Belgique)Prenez rendez-vous<\/p>\n","protected":false},"author":1,"featured_media":0,"parent":0,"menu_order":0,"comment_status":"closed","ping_status":"closed","template":"","meta":{"_et_pb_use_builder":"on","_et_pb_old_content":"","_et_gb_content_width":"","footnotes":""},"class_list":["post-1640","page","type-page","status-publish","hentry"],"_links":{"self":[{"href":"https:\/\/magalibodart.be\/index.php\/wp-json\/wp\/v2\/pages\/1640","targetHints":{"allow":["GET"]}}],"collection":[{"href":"https:\/\/magalibodart.be\/index.php\/wp-json\/wp\/v2\/pages"}],"about":[{"href":"https:\/\/magalibodart.be\/index.php\/wp-json\/wp\/v2\/types\/page"}],"author":[{"embeddable":true,"href":"https:\/\/magalibodart.be\/index.php\/wp-json\/wp\/v2\/users\/1"}],"replies":[{"embeddable":true,"href":"https:\/\/magalibodart.be\/index.php\/wp-json\/wp\/v2\/comments?post=1640"}],"version-history":[{"count":23,"href":"https:\/\/magalibodart.be\/index.php\/wp-json\/wp\/v2\/pages\/1640\/revisions"}],"predecessor-version":[{"id":2423,"href":"https:\/\/magalibodart.be\/index.php\/wp-json\/wp\/v2\/pages\/1640\/revisions\/2423"}],"wp:attachment":[{"href":"https:\/\/magalibodart.be\/index.php\/wp-json\/wp\/v2\/media?parent=1640"}],"curies":[{"name":"wp","href":"https:\/\/api.w.org\/{rel}","templated":true}]}}